{"id":269,"date":"2024-05-15T22:13:35","date_gmt":"2024-05-15T20:13:35","guid":{"rendered":"https:\/\/www.renecar.cz\/?page_id=269"},"modified":"2024-06-12T12:02:07","modified_gmt":"2024-06-12T10:02:07","slug":"slevove-karty","status":"publish","type":"page","link":"https:\/\/www.renecar.cz\/en\/slevove-karty\/","title":{"rendered":"Slevov\u00e9 karty"},"content":{"rendered":"<div data-elementor-type=\"wp-page\" data-elementor-id=\"269\" class=\"elementor elementor-269\" data-elementor-post-type=\"page\">\n\t\t\t\t\t\t<section class=\"elementor-section elementor-top-section elementor-element elementor-element-fb8cc85 elementor-section-full_width elementor-section-height-default elementor-section-height-default\" data-id=\"fb8cc85\" data-element_type=\"section\">\n\t\t\t\t\t\t<div class=\"elementor-container elementor-column-gap-default\">\n\t\t\t\t\t<div class=\"elementor-column elementor-col-50 elementor-top-column elementor-element elementor-element-81003cc\" data-id=\"81003cc\" data-element_type=\"column\">\n\t\t\t<div class=\"elementor-widget-wrap elementor-element-populated\">\n\t\t\t\t\t\t<div class=\"elementor-element elementor-element-d406315 elementor-widget elementor-widget-image\" data-id=\"d406315\" data-element_type=\"widget\" data-widget_type=\"image.default\">\n\t\t\t\t<div class=\"elementor-widget-container\">\n\t\t\t<style>\/*! elementor - v3.21.0 - 08-05-2024 *\/\n.elementor-widget-image{text-align:center}.elementor-widget-image a{display:inline-block}.elementor-widget-image a img[src$=\".svg\"]{width:48px}.elementor-widget-image img{vertical-align:middle;display:inline-block}<\/style>\t\t\t\t\t\t\t\t\t\t<img fetchpriority=\"high\" decoding=\"async\" width=\"1709\" height=\"1143\" src=\"https:\/\/www.renecar.cz\/wp-content\/uploads\/2024\/05\/element5-digital-Ki1jT9bFwLE-unsplash-scaled-e1715806604390.jpg\" class=\"attachment-full size-full wp-image-284\" alt=\"\" srcset=\"https:\/\/www.renecar.cz\/wp-content\/uploads\/2024\/05\/element5-digital-Ki1jT9bFwLE-unsplash-scaled-e1715806604390.jpg 1709w, https:\/\/www.renecar.cz\/wp-content\/uploads\/2024\/05\/element5-digital-Ki1jT9bFwLE-unsplash-scaled-e1715806604390-300x201.jpg 300w, https:\/\/www.renecar.cz\/wp-content\/uploads\/2024\/05\/element5-digital-Ki1jT9bFwLE-unsplash-scaled-e1715806604390-1024x685.jpg 1024w, https:\/\/www.renecar.cz\/wp-content\/uploads\/2024\/05\/element5-digital-Ki1jT9bFwLE-unsplash-scaled-e1715806604390-768x514.jpg 768w, https:\/\/www.renecar.cz\/wp-content\/uploads\/2024\/05\/element5-digital-Ki1jT9bFwLE-unsplash-scaled-e1715806604390-1536x1027.jpg 1536w\" sizes=\"(max-width: 1709px) 100vw, 1709px\" \/>\t\t\t\t\t\t\t\t\t\t\t\t\t<\/div>\n\t\t\t\t<\/div>\n\t\t\t\t\t<\/div>\n\t\t<\/div>\n\t\t\t\t<div class=\"elementor-column elementor-col-50 elementor-top-column elementor-element elementor-element-eee82f7\" data-id=\"eee82f7\" data-element_type=\"column\">\n\t\t\t<div class=\"elementor-widget-wrap elementor-element-populated\">\n\t\t\t\t\t\t<div class=\"elementor-element elementor-element-cb7eafe elementor-widget elementor-widget-heading\" data-id=\"cb7eafe\" data-element_type=\"widget\" data-widget_type=\"heading.default\">\n\t\t\t\t<div class=\"elementor-widget-container\">\n\t\t\t<style>\/*! elementor - v3.21.0 - 08-05-2024 *\/\n.elementor-heading-title{padding:0;margin:0;line-height:1}.elementor-widget-heading .elementor-heading-title[class*=elementor-size-]>a{color:inherit;font-size:inherit;line-height:inherit}.elementor-widget-heading .elementor-heading-title.elementor-size-small{font-size:15px}.elementor-widget-heading .elementor-heading-title.elementor-size-medium{font-size:19px}.elementor-widget-heading .elementor-heading-title.elementor-size-large{font-size:29px}.elementor-widget-heading .elementor-heading-title.elementor-size-xl{font-size:39px}.elementor-widget-heading .elementor-heading-title.elementor-size-xxl{font-size:59px}<\/style><h1 class=\"elementor-heading-title elementor-size-default\">Slevov\u00e9 karty<\/h1>\t\t<\/div>\n\t\t\t\t<\/div>\n\t\t\t\t\t<\/div>\n\t\t<\/div>\n\t\t\t\t\t<\/div>\n\t\t<\/section>\n\t\t\t\t<section class=\"elementor-section elementor-top-section elementor-element elementor-element-586fc2a elementor-section-boxed elementor-section-height-default elementor-section-height-default\" data-id=\"586fc2a\" data-element_type=\"section\">\n\t\t\t\t\t\t<div class=\"elementor-container elementor-column-gap-default\">\n\t\t\t\t\t<div class=\"elementor-column elementor-col-50 elementor-top-column elementor-element elementor-element-f64a1d1\" data-id=\"f64a1d1\" data-element_type=\"column\">\n\t\t\t<div class=\"elementor-widget-wrap elementor-element-populated\">\n\t\t\t\t\t\t<div class=\"elementor-element elementor-element-ec55110 elementor-widget elementor-widget-image\" data-id=\"ec55110\" data-element_type=\"widget\" data-widget_type=\"image.default\">\n\t\t\t\t<div class=\"elementor-widget-container\">\n\t\t\t\t\t\t\t\t\t\t\t\t\t<img decoding=\"async\" width=\"200\" height=\"127\" src=\"https:\/\/www.renecar.cz\/wp-content\/uploads\/2024\/05\/vip_01.jpeg\" class=\"attachment-large size-large wp-image-271\" alt=\"\" \/>\t\t\t\t\t\t\t\t\t\t\t\t\t<\/div>\n\t\t\t\t<\/div>\n\t\t\t\t<div class=\"elementor-element elementor-element-2306aac elementor-widget elementor-widget-text-editor\" data-id=\"2306aac\" data-element_type=\"widget\" data-widget_type=\"text-editor.default\">\n\t\t\t\t<div class=\"elementor-widget-container\">\n\t\t\t<style>\/*! elementor - v3.21.0 - 08-05-2024 *\/\n.elementor-widget-text-editor.elementor-drop-cap-view-stacked .elementor-drop-cap{background-color:#69727d;color:#fff}.elementor-widget-text-editor.elementor-drop-cap-view-framed .elementor-drop-cap{color:#69727d;border:3px solid;background-color:transparent}.elementor-widget-text-editor:not(.elementor-drop-cap-view-default) .elementor-drop-cap{margin-top:8px}.elementor-widget-text-editor:not(.elementor-drop-cap-view-default) .elementor-drop-cap-letter{width:1em;height:1em}.elementor-widget-text-editor .elementor-drop-cap{float:left;text-align:center;line-height:1;font-size:50px}.elementor-widget-text-editor .elementor-drop-cap-letter{display:inline-block}<\/style>\t\t\t\t<p>Pro st\u00e1l\u00e9 z\u00e1kazn\u00edky nab\u00edz\u00edme slevov\u00e9 VIP karty. Po p\u00e1t\u00e9m zap\u016fj\u010den\u00ed vozu od n\u00e1s obdr\u017e\u00edte kartu na slevu 10% na dal\u0161\u00ed v\u00fdp\u016fj\u010dky.<\/p>\t\t\t\t\t\t<\/div>\n\t\t\t\t<\/div>\n\t\t\t\t\t<\/div>\n\t\t<\/div>\n\t\t\t\t<div class=\"elementor-column elementor-col-50 elementor-top-column elementor-element elementor-element-b8933f2\" data-id=\"b8933f2\" data-element_type=\"column\">\n\t\t\t<div class=\"elementor-widget-wrap elementor-element-populated\">\n\t\t\t\t\t\t<div class=\"elementor-element elementor-element-b40f642 elementor-widget elementor-widget-image\" data-id=\"b40f642\" data-element_type=\"widget\" data-widget_type=\"image.default\">\n\t\t\t\t<div class=\"elementor-widget-container\">\n\t\t\t\t\t\t\t\t\t\t\t\t\t<img decoding=\"async\" width=\"200\" height=\"127\" src=\"https:\/\/www.renecar.cz\/wp-content\/uploads\/2024\/05\/vip-gold.jpg\" class=\"attachment-large size-large wp-image-272\" alt=\"\" \/>\t\t\t\t\t\t\t\t\t\t\t\t\t<\/div>\n\t\t\t\t<\/div>\n\t\t\t\t<div class=\"elementor-element elementor-element-97e4ead elementor-widget elementor-widget-text-editor\" data-id=\"97e4ead\" data-element_type=\"widget\" data-widget_type=\"text-editor.default\">\n\t\t\t\t<div class=\"elementor-widget-container\">\n\t\t\t\t\t\t\t<p>Po des\u00e1t\u00e9m uskute\u010dn\u011bn\u00e9m pron\u00e1jmu z\u00edsk\u00e1te zlatou VIP kartu. P\u0159i jej\u00edm p\u0159edlo\u017een\u00ed V\u00e1m bude p\u0159i ka\u017ed\u00e9m dal\u0161\u00edm zap\u016fj\u010den\u00ed vozu poskytnuta sleva ve v\u00fd\u0161i 20%.<\/p>\t\t\t\t\t\t<\/div>\n\t\t\t\t<\/div>\n\t\t\t\t\t<\/div>\n\t\t<\/div>\n\t\t\t\t\t<\/div>\n\t\t<\/section>\n\t\t\t\t<\/div>","protected":false},"excerpt":{"rendered":"<p>Slevov\u00e9 karty Pro st\u00e1l\u00e9 z\u00e1kazn\u00edky nab\u00edz\u00edme slevov\u00e9 VIP karty. Po p\u00e1t\u00e9m zap\u016fj\u010den\u00ed vozu od n\u00e1s obdr\u017e\u00edte kartu na slevu 10% na dal\u0161\u00ed v\u00fdp\u016fj\u010dky. Po des\u00e1t\u00e9m uskute\u010dn\u011bn\u00e9m pron\u00e1jmu z\u00edsk\u00e1te zlatou VIP kartu. P\u0159i jej\u00edm p\u0159edlo\u017een\u00ed V\u00e1m bude p\u0159i ka\u017ed\u00e9m dal\u0161\u00edm zap\u016fj\u010den\u00ed vozu poskytnuta sleva ve v\u00fd\u0161i 20%.<\/p>","protected":false},"author":1,"featured_media":0,"parent":0,"menu_order":0,"comment_status":"closed","ping_status":"closed","template":"elementor_header_footer","meta":{"footnotes":""},"class_list":["post-269","page","type-page","status-publish","hentry"],"_links":{"self":[{"href":"https:\/\/www.renecar.cz\/en\/wp-json\/wp\/v2\/pages\/269","targetHints":{"allow":["GET"]}}],"collection":[{"href":"https:\/\/www.renecar.cz\/en\/wp-json\/wp\/v2\/pages"}],"about":[{"href":"https:\/\/www.renecar.cz\/en\/wp-json\/wp\/v2\/types\/page"}],"author":[{"embeddable":true,"href":"https:\/\/www.renecar.cz\/en\/wp-json\/wp\/v2\/users\/1"}],"replies":[{"embeddable":true,"href":"https:\/\/www.renecar.cz\/en\/wp-json\/wp\/v2\/comments?post=269"}],"version-history":[{"count":10,"href":"https:\/\/www.renecar.cz\/en\/wp-json\/wp\/v2\/pages\/269\/revisions"}],"predecessor-version":[{"id":594,"href":"https:\/\/www.renecar.cz\/en\/wp-json\/wp\/v2\/pages\/269\/revisions\/594"}],"wp:attachment":[{"href":"https:\/\/www.renecar.cz\/en\/wp-json\/wp\/v2\/media?parent=269"}],"curies":[{"name":"wp","href":"https:\/\/api.w.org\/{rel}","templated":true}]}}